{"id":16,"date":"2014-09-16T13:50:51","date_gmt":"2014-09-16T13:50:51","guid":{"rendered":"http:\/\/hydroebers.es\/?page_id=16"},"modified":"2014-09-26T13:44:39","modified_gmt":"2014-09-26T13:44:39","slug":"cita-previa","status":"publish","type":"page","link":"https:\/\/hydroebers.es\/?page_id=16","title":{"rendered":"CITA PREVIA"},"content":{"rendered":"<p><strong>Desde este apartado usted puede reservar cita previa especificando su numero de tel\u00e9fono y horario de contacto, nuestro departamento de atenci\u00f3n al cliente, se pondr\u00e1 en contacto con usted en la mayor brevedad posible, si su motivo es preguntar a nuestro equipo cualquier duda, comentario e informaci\u00f3n que precise, estaremos encantados de atenderle , gracias .<\/strong><\/p>\n<p><span style=\"color: #333333;\"><div id=\"simple-contact-form-wrap\">\r\n\t\t<div id=\"simple-contact-form\" class=\"scf\">\r\n\t\t\t<form action=\"#simple-contact-form-wrap\" method=\"post\">\r\n\t\t\t\t<div class=\"scf-row scf-name\">\r\n\t\t\t\t\t<label for=\"scf_name\">Nombre (Requerido)<\/label>\r\n\t\t\t\t\t<input name=\"scf_name\" id=\"scf_name\" type=\"text\" size=\"33\" maxlength=\"99\" value=\"\" placeholder=\"Nombre\" \/>\r\n\t\t\t\t<\/div>\r\n\t\t\t\t<div class=\"scf-row scf-email\">\r\n\t\t\t\t\t<label for=\"scf_email\">Email (Requerido)<\/label>\r\n\t\t\t\t\t<input name=\"scf_email\" id=\"scf_email\" type=\"text\" size=\"33\" maxlength=\"99\" value=\"\" placeholder=\"Email\" \/>\r\n\t\t\t\t<\/div>\r\n\t\t\t\t<div class=\"scf-row scf-response\">\r\n\t\t\t\t\t<label for=\"scf_response\">5 + 4 =<\/label>\r\n\t\t\t\t\t<input name=\"scf_response\" id=\"scf_response\" type=\"text\" size=\"33\" maxlength=\"99\" value=\"\" placeholder=\"Respuesta correcta\" \/>\r\n\t\t\t\t<\/div><div class=\"scf-submit\">\r\n\t\t\t\t\t<input type=\"submit\" id=\"scf-button\" value=\"Send email\">\r\n\t\t\t\t\t<input type=\"hidden\" id=\"scf-key\" name=\"scf-key\" value=\"process\">\r\n\t\t\t\t\t<input type=\"hidden\" id=\"scf-nonce\" name=\"scf-nonce\" value=\"8b23bdcd4a\" \/>\r\n\t\t\t\t<\/div>\t<div class=\"scf-confirm-checkbox\">\r\n\t\t<label><input type=\"checkbox\" required> Doy mi consentimiento para que este sitio web almacene la informaci\u00f3n enviada para que puedan responder a mi consulta. Consulte nuestra pol\u00edtica de privacidad para obtener m\u00e1s informaci\u00f3n sobre c\u00f3mo usamos los datos.<\/label>\r\n\t<\/div><!-- .scf-confirm-checkbox -->\r\n\t<\/form>\r\n\t\t<\/div>\r\n\t\t<style>.scf-confirm-checkbox { margin-top: 15px; } .scf-website3dhhsy3 { display: none; } #simple-contact-form .scf-row { width: 100%; overflow: hidden; margin: 5px 0; padding: 5px 0; border: 0; } #simple-contact-form .scf-row input { box-sizing: border-box; float: left; clear: none; width: 75%; margin: 0; } #simple-contact-form .scf-row label { box-sizing: border-box; float: left; clear: both; width: 25%; margin-top: 5px; font-size: 90%; } #simple-contact-form .scf-row textarea { box-sizing: border-box; float: left; clear: both; width: 100%; margin-top: 2px; }#simple-contact-form fieldset { width: 100%; overflow: hidden; margin: 5px 0; border: 0; } #simple-contact-form fieldset input { float: left; width: 60%; } #simple-contact-form textarea { float: left; clear: both; width: 95%; } #simple-contact-form label { float: left; clear: both; width: 30%; margin-top: 3px; line-height: 1.8; font-size: 90%; }<\/style><div style='clear:both'>&nbsp;<\/div><\/div><\/span><\/p>\n","protected":false},"excerpt":{"rendered":"<p>Desde este apartado usted puede reservar cita previa especificando su numero de tel\u00e9fono y horario de contacto, nuestro departamento de atenci\u00f3n al cliente, se pondr\u00e1 en contacto con usted en la mayor brevedad posible, si su motivo es preguntar a nuestro equipo cualquier duda, comentario e informaci\u00f3n que precise, estaremos encantados de atenderle , gracias<\/p>\n<p class=\"more-link\"><a href=\"https:\/\/hydroebers.es\/?page_id=16\" class=\"themebutton2\">Read More<\/a><\/p>\n","protected":false},"author":1,"featured_media":0,"parent":0,"menu_order":7,"comment_status":"closed","ping_status":"closed","template":"","meta":[],"_links":{"self":[{"href":"https:\/\/hydroebers.es\/index.php?rest_route=\/wp\/v2\/pages\/16"}],"collection":[{"href":"https:\/\/hydroebers.es\/index.php?rest_route=\/wp\/v2\/pages"}],"about":[{"href":"https:\/\/hydroebers.es\/index.php?rest_route=\/wp\/v2\/types\/page"}],"author":[{"embeddable":true,"href":"https:\/\/hydroebers.es\/index.php?rest_route=\/wp\/v2\/users\/1"}],"replies":[{"embeddable":true,"href":"https:\/\/hydroebers.es\/index.php?rest_route=%2Fwp%2Fv2%2Fcomments&post=16"}],"version-history":[{"count":5,"href":"https:\/\/hydroebers.es\/index.php?rest_route=\/wp\/v2\/pages\/16\/revisions"}],"predecessor-version":[{"id":62,"href":"https:\/\/hydroebers.es\/index.php?rest_route=\/wp\/v2\/pages\/16\/revisions\/62"}],"wp:attachment":[{"href":"https:\/\/hydroebers.es\/index.php?rest_route=%2Fwp%2Fv2%2Fmedia&parent=16"}],"curies":[{"name":"wp","href":"https:\/\/api.w.org\/{rel}","templated":true}]}}