{"id":34,"date":"2014-09-25T09:21:54","date_gmt":"2014-09-25T09:21:54","guid":{"rendered":"http:\/\/hydroebers.es\/?page_id=34"},"modified":"2015-12-01T19:21:11","modified_gmt":"2015-12-01T19:21:11","slug":"productos","status":"publish","type":"page","link":"https:\/\/hydroebers.es\/?page_id=34","title":{"rendered":"PRODUCTOS"},"content":{"rendered":"<h1 style=\"text-align: center;\"><span style=\"color: #800000;\"><em><strong>PRUEBA NUESTRA AMPLIA GAMA DE T\u00c9S.<\/strong><\/em><\/span><\/h1>\n<p style=\"text-align: center;\">\u00a0<a href=\"http:\/\/hydroebers.es\/wp-content\/uploads\/2014\/09\/te-en-china.jpg\"><img decoding=\"async\" loading=\"lazy\" class=\"alignnone size-full wp-image-114\" src=\"http:\/\/hydroebers.es\/wp-content\/uploads\/2014\/09\/te-en-china.jpg\" alt=\"te-en-china\" width=\"618\" height=\"350\" srcset=\"https:\/\/hydroebers.es\/wp-content\/uploads\/2014\/09\/te-en-china.jpg 618w, https:\/\/hydroebers.es\/wp-content\/uploads\/2014\/09\/te-en-china-300x169.jpg 300w\" sizes=\"(max-width: 618px) 100vw, 618px\" \/><\/a><\/p>\n<blockquote>\n<h2 style=\"text-align: justify;\">\u00a0\u00a0 <span style=\"color: #008000; text-decoration: underline;\"><strong><em>T\u00c9 VERDE: PURA SALUD AL ALCANCE DE TODOS<\/em><\/strong><\/span><\/h2>\n<\/blockquote>\n<p style=\"text-align: justify;\">La particularidad que hace que el t\u00e9 verde sea considerado pr\u00e1cticamente una aut\u00e9ntica \u201cmedicina natural\u201d es que no es un t\u00e9 fermentado, lo que hace que mantenga sus componentes naturales pr\u00e1cticamente igual que en su estado natural.<\/p>\n<p style=\"text-align: justify;\">Sus principales propiedades son:<\/p>\n<ul style=\"text-align: justify;\">\n<li>Es un poderoso antioxidante retrasando el proceso de envejecimiento.<\/li>\n<li>Es depurativo (ayuda a eliminar l\u00edquidos) y muy digestivo. Puede ayudar a perder peso.<\/li>\n<li>Es rico en minerales, sodio, fl\u00faor y vitaminas A, B y C. Estos refuerzan el sistema inmunitario y pueden ayudar al cuerpo a protegerse en caso de virus o infecciones.<\/li>\n<\/ul>\n<p style=\"text-align: justify;\"><strong>Modo de preparaci\u00f3n: <\/strong><\/p>\n<p style=\"text-align: justify;\">El t\u00e9 verde tiene un bajo contenido en te\u00edna, y debe prepararse con agua que no est\u00e9 \u201chirviendo\u201d, ya que las hojas se cuecen y el t\u00e9 sale demasiado amargo.<\/p>\n<p style=\"text-align: justify;\"><strong>Con el agua entre 75 \u2013 85\u00baC y entre 2 y 3 minutos<\/strong> (<strong>2 mins para los t\u00e9s japoneses<\/strong>) de reposo obtendremos una infusi\u00f3n muy arom\u00e1tica y reconfortante. La infusi\u00f3n resulta suave y delicada, ligeramente herbal y de tonos amarillentos, verdosos o dorados.<\/p>\n<p style=\"text-align: justify;\">Los chinos son los primeros en descubrir el t\u00e9, y all\u00ed se encuentran la mayor\u00eda de sus variedades, pero el t\u00e9 verde es el m\u00e1s bebido en Jap\u00f3n. Aunque la recolecci\u00f3n y el m\u00e9todo de tratamiento tambi\u00e9n fueron importados de China, a lo largo de los siglos, los japoneses se han hecho expertos en su cultivo y producci\u00f3n, al punto que la bebida se ha convertido en un icono cultural del pa\u00eds. Los mejores t\u00e9s verdes de Jap\u00f3n son de Uji, regi\u00f3n de Kioto. La gran mayor\u00eda de los t\u00e9s japoneses son los <em>Sencha o Bancha<\/em>, es decir cultivados a pleno sol y una \u00ednfima parte son los <em>t\u00e9s Gyokuro<\/em>, los m\u00e1s caros y reconocidos, crecidos a la sombra.<\/p>\n<p style=\"text-align: justify;\"><strong>La diferencia entre el t\u00e9 verde japon\u00e9s y el chino se debe principalmente al proceso de elaboraci\u00f3n. <\/strong>Aunque el tratamiento atraviesa varias etapas, los microorganismos que har\u00edan fermentar las hojas se destruyen por acci\u00f3n del vapor o por calentamiento. El t\u00e9 verde japon\u00e9s se hierve al vapor para detener su oxidaci\u00f3n, tratando de preservar el gusto a hierba mientras que el t\u00e9 verde chino se seca al horno o al fuego.<\/p>\n<blockquote>\n<h2 style=\"text-align: justify;\">\u00a0\u00a0 <em><strong><span style=\"text-decoration: underline;\">T\u00c9 NEGRO: EL M\u00c1S POPULAR<\/span><\/strong><\/em><\/h2>\n<\/blockquote>\n<p>&nbsp;<\/p>\n<p style=\"text-align: justify;\">El t\u00e9 negro es uno de los <strong>m\u00e1s populares<\/strong> en todo el mundo. Y bien ganado se tiene su prestigio, debido a su sabor y propiedades. Algunas propiedades del t\u00e9 negro son muy interesantes, tales como la de poseer <strong>antioxidantes, ser saciante, bajo en calor\u00edas y bueno para el est\u00f3mago<\/strong>, entre otras virtudes. El t\u00e9 negro cuenta con una larga historia a sus espaldas. De hecho, fue empleado como moneda de cambio durante mucho tiempo, debido a que no pierde su sabor con el tiempo<\/p>\n<p style=\"text-align: justify;\">Para elaborar esta variedad las hojas frescas de la Camelia Sinensis pasan por un proceso de oxidaci\u00f3n completo que transforma el color verde original de la hoja en un marr\u00f3n oscuro, haciendo que los aromas se tornen m\u00e1s complejos. Las infusiones resultantes tienen un color \u00e1mbar, con cuerpo y sabor intensos. Se trata de la variedad <strong>m\u00e1s estimulante<\/strong>, ya que la oxidaci\u00f3n favorece la liberaci\u00f3n de la te\u00edna en la infusi\u00f3n.<\/p>\n<p style=\"text-align: justify;\">Para su fabricaci\u00f3n se enrollan las hojas cosechadas despu\u00e9s de marchitarse. En este proceso se rompen las paredes de las c\u00e9lulas ocasionando la p\u00e9rdida del l\u00edquido celular. Se contin\u00faa con el proceso de fermentaci\u00f3n de 35 a 40\u00b0C, en el que las hojas por la oxidaci\u00f3n se coloran de tonos que van desde un marr\u00f3n rojizo, hasta un negro intenso. Finalmente a trav\u00e9s del proceso de secado, el t\u00e9 se puede conservar hasta que una vez en la tetera pueda desplegar sus finos aromas. El t\u00e9 negro contiene curtientes y minerales, al igual que vitaminas, aceites et\u00e9reos y te\u00edna. Sin embargo, en comparaci\u00f3n con la cafe\u00edna \u00e9sta act\u00faa m\u00e1s despacio en el organismo. Los curtientes act\u00faan de forma relajante en el est\u00f3mago. Para su preparaci\u00f3n es importante saber lo siguiente: La intensidad de su sabor var\u00eda dr\u00e1sticamente dependiendo del tipo, as\u00ed que cada uno debe ser preparado de acuerdo a pautas individuales.<\/p>\n<p style=\"text-align: justify;\"><strong>Tiempo de infusi\u00f3n <\/strong><\/p>\n<p style=\"text-align: justify;\">&#8211;\u00a0\u00a0\u00a0\u00a0\u00a0\u00a0\u00a0 <strong>Te negro cl\u00e1sico: <\/strong>4 a 5 minutos<\/p>\n<p style=\"text-align: justify;\">&#8211;\u00a0\u00a0\u00a0\u00a0\u00a0\u00a0\u00a0 <strong>T\u00e9 Darjeeeling: <\/strong>3 minutos<\/p>\n<p style=\"text-align: justify;\">&#8211;\u00a0\u00a0\u00a0\u00a0\u00a0\u00a0\u00a0 <strong>T\u00e9 de hojas rotas (Broken): <\/strong>3 a 4 minutos<\/p>\n<p style=\"text-align: justify;\"><strong>Temperaturas del agua: <\/strong>95\u00baC<\/p>\n<blockquote>\n<h2 style=\"text-align: justify;\">\u00a0\u00a0 <span style=\"color: #00ff00;\"><em><span style=\"text-decoration: underline;\"><strong>T\u00c9 BLANCO: EL ELIXIR DE JUVENTUD<\/strong><\/span><\/em><\/span><\/h2>\n<\/blockquote>\n<p>&nbsp;<\/p>\n<p style=\"text-align: justify;\">\u00daltimamente el t\u00e9 blanco se ha convertido en una de las infusiones m\u00e1s demandadas por el p\u00fablico y la que se le atribuyen propiedades muy beneficiosas para la salud. \u00bfA qu\u00e9 se debe la fama de este tipo de t\u00e9? El t\u00e9 blanco est\u00e1 considerado como el <strong>m\u00e1s exquisito y refinado<\/strong>, ya que en vez de las hojas enteras, se recoge s\u00f3lo los brotes m\u00e1s tiernos y m\u00e1s j\u00f3venes que es donde se concentra toda la \u201cenerg\u00eda\u201d de la planta. Estos brotes (a\u00fan sin abrir) est\u00e1n cubiertos de un vello blanco que recubre la hoja nada m\u00e1s nacer (lo que le da el nombre a esta variedad). Se cosecha s\u00f3lo durante unos pocos d\u00edas cada primavera, y los brotes son recogidos a mano, luego extendidos sobre grandes filtros. Por medio de una ventilaci\u00f3n controlada se marchitan las hojas. Finalmente se secan a baja temperatura evitando romperse, para no afectar su color o aroma. Se produce principalmente en China, en las altas monta\u00f1as de la provincia de Fujian<\/p>\n<p style=\"text-align: justify;\">Su fama se debe a dos razones fundamentales:<\/p>\n<p style=\"text-align: justify;\">-Su <strong>exquisito sabor y delicado aroma. <\/strong>Su alto precio en el mercado (es el t\u00e9 de precio m\u00e1s elevado) es debido a su producci\u00f3n artesanal ya que para un peque\u00f1o pu\u00f1ado de t\u00e9 hacen falta un buen n\u00famero de brotes.<\/p>\n<p style=\"text-align: justify;\">-Su fama de \u201celixir de la juventud\u201d ya que es uno de los <strong>antioxidantes m\u00e1s potentes que nos ofrece la naturaleza y su alto contenido en vitamina E y C<\/strong>.<\/p>\n<p style=\"text-align: justify;\">El t\u00e9 blanco tiene las mismas propiedades que el t\u00e9 verde, aunque en muchas de ellas es m\u00e1s efectivo (por ejemplo es <strong>3 veces m\u00e1s antioxidante<\/strong>). Contiene la <strong>mitad de te\u00edna que el t\u00e9 verde<\/strong>, y tiene un efecto <strong>suavemente diur\u00e9tico<\/strong>.<\/p>\n<p style=\"text-align: justify;\"><strong>Tiempo de infusi\u00f3n: 3 a 5<\/strong> minutos y Agujas de Plata \u201cSilver needles\u201d<strong>: 5 a 7<\/strong> minutos<\/p>\n<p style=\"text-align: justify;\"><strong>Temperatura: <\/strong>75\u00b0C<\/p>\n<blockquote>\n<h2 style=\"text-align: justify;\">\u00a0\u00a0 <em><span style=\"color: #993300; text-decoration: underline;\"><strong>T\u00c9 ROJO- PU ERH: EL QUEMAGRASAS<\/strong><\/span><\/em><\/h2>\n<\/blockquote>\n<p>&nbsp;<\/p>\n<p style=\"text-align: justify;\">El t\u00e9 Pu-Erh o t\u00e9 rojo es originario de la provincia china de Yunnan. Se le llama tambi\u00e9n el <strong>\u201cT\u00e9 de los Emperadores\u201d<\/strong> porque antiguamente y durante muchos a\u00f1os su consumo estuvo prohibido al resto de la poblaci\u00f3n. Tiene un sabor muy caracter\u00edstico, fuerte y terroso, y la infusi\u00f3n es de color rojizo oscuro. Se trata de un t\u00e9 <strong>postfermentado<\/strong>, ya que su proceso de fermentaci\u00f3n difiere de aquel del t\u00e9 negro y requiere un largo proceso de maduraci\u00f3n en bodegas que puede llegar a durar varios a\u00f1os. Es precisamente este peculiar proceso de fermentaci\u00f3n lo que le otorga al t\u00e9 rojo su apreciado color, sabor y propiedades excepcionales que lo han hecho famoso en todo el mundo y ha motivado que en Estados Unidos lo hayan bautizado como el <strong>\u201cdevorador de grasas\u201d<\/strong>. Tres tazas diarias de este t\u00e9 nos ayudar\u00e1n a controlar las grasas de nuestro organismo y a eliminarlas mejor, debido a su excepcional propiedad de <strong>ayudarnos a disminuir los niveles de colesterol y de grasa en la sangre<\/strong>. Tambi\u00e9n tiene propiedades diur\u00e9ticas y es ideal para aliviar las digestiones pesadas.<\/p>\n<p style=\"text-align: justify;\"><strong>Momento de consumo ideal: <\/strong>Todo el d\u00eda, especialmente despu\u00e9s de las comidas. Se puede servir con leche<\/p>\n<p style=\"text-align: justify;\"><strong>Tiempo de infusi\u00f3n<\/strong>: 4 minutos<\/p>\n<p style=\"text-align: justify;\"><strong>Temperatura<\/strong>: 95\u00b0C<\/p>\n<blockquote>\n<h2 style=\"text-align: justify;\">\u00a0\u00a0 <em><span style=\"color: #00ccff;\"><strong><span style=\"text-decoration: underline;\">T\u00c9 OOLONG- T\u00c9 AZUL: EL \u201cTODOTERRENO\u201d DE LOS T\u00c9S<\/span> <\/strong><\/span><\/em><\/h2>\n<\/blockquote>\n<p>&nbsp;<\/p>\n<p style=\"text-align: justify;\">El <strong>t\u00e9 oolong<\/strong> (tambi\u00e9n llamado <strong>t\u00e9 azul o semifermentado<\/strong>) es un tipo de t\u00e9 <strong>a medio camino entre el t\u00e9 verde y el t\u00e9 negro<\/strong>: repiten los procesos de enrollado y oxidaci\u00f3n de las hojas hasta veinte veces. Se considera un arte mayor el encontrar el punto perfecto para lograr el tono cobrizo de las hojas y detener el proceso de fermentaci\u00f3n por medio de la vaporizaci\u00f3n o la oxidaci\u00f3n.<\/p>\n<p style=\"text-align: justify;\">El oolong procede de la regi\u00f3n de China (Fujian) y de Taiwan (Formosa). Los t\u00e9s Oolong de China tienen una fermentaci\u00f3n m\u00e1s corta (10 \u2013 20%); el resultado son t\u00e9s ligeros, con sabores vegetales, m\u00e1s parecidos a los t\u00e9s verdes. Los t\u00e9s azules de Taiwan tienen una fermentaci\u00f3n m\u00e1s larga (hasta un 70%), dando lugar a t\u00e9s m\u00e1s oscuros y afrutados, m\u00e1s parecidos a los t\u00e9s negros. Debido a su agradable sabor, los oolongs son especiales para aquellos que quieren comenzar a tomar t\u00e9.<\/p>\n<p style=\"text-align: justify;\">Las propiedades del t\u00e9 oolong son muy similares a las del t\u00e9 verde:<\/p>\n<ul style=\"text-align: justify;\">\n<li>Gran poder antioxidante<\/li>\n<li>Fortalece el sistema inmunol\u00f3gico<\/li>\n<li>Contiene muchas vitaminas y minerales<\/li>\n<li>Ayudar a reducir la tensi\u00f3n arterial<\/li>\n<li>Ayuda a regular el colesterol<\/li>\n<\/ul>\n<p style=\"text-align: justify;\">La popularidad de este t\u00e9 est\u00e1 creciendo en los \u00faltimos tiempos debido a varios estudios de EEUU y Jap\u00f3n que parecen indicar su <strong>alto poder quemagrasa<\/strong>, superior al del t\u00e9 verde (aunque inferior al del t\u00e9 rojo \u2013 Pu erh). El t\u00e9 oolong contiene, en general, la mitad de te\u00edna que el t\u00e9 negro, y el doble que el t\u00e9 verde.<\/p>\n<p style=\"text-align: justify;\"><strong>Momento de consumo ideal: <\/strong>Despu\u00e9s de las comidas y tardes. . El oolong se puede beber fr\u00edo. Como t\u00e9 helado el oolong goza de gran aceptaci\u00f3n.<\/p>\n<p style=\"text-align: justify;\"><strong>Tiempo de infusi\u00f3n<\/strong>: 5 minutos<\/p>\n<p style=\"text-align: justify;\"><strong>Temperatura<\/strong>: 90\u00baC<\/p>\n<blockquote>\n<h2 style=\"text-align: justify;\">\u00a0<em>\u00a0 <span style=\"color: #800000; text-decoration: underline;\"><strong>ROOIBOS: EL ARBUSTO ROJO DE SUD\u00c1FRICA<\/strong><\/span><\/em><\/h2>\n<\/blockquote>\n<p>&nbsp;<\/p>\n<p style=\"text-align: justify;\">Aunque el rooibos no procede de la planta de t\u00e9, tiene muchos beneficios saludables, entre ellos, alto contenido en vitaminas y minerales, propiedades digestivas y relajantes y no contienen estimulantes. Constituyen la perfecta alternativa al t\u00e9 para momentos de puro relax o bien una alternativa sana para los ni\u00f1os y gente con sensibilidad a la te\u00edna o durante el embarazo.<\/p>\n<p style=\"text-align: justify;\">El Rooibos es perfecto para calmar la sed, sabe bien caliente y frio, en cualquier momento, puro y aromatizado, sin o con leche. Perfecta para a\u00f1adir ingredientes al gusto o elaborar cocktails o recetas.<\/p>\n<p style=\"text-align: justify;\">El Rooibos se elabora a partir de las finas hojas en forma de aguja que crecen en las ramas m\u00e1s delgadas de este arbusto. La calidad del producto final se reconoce por su color: A medida que el rojo brilla con mayor intensidad, el t\u00e9 es m\u00e1s valioso.<\/p>\n<p style=\"text-align: justify;\"><strong>Momento ideal de consumo: <\/strong>Todo el d\u00eda y se puede tomar con leche<\/p>\n<p style=\"text-align: justify;\"><strong>Temperatura del agua: <\/strong>95\u00baC<\/p>\n<p style=\"text-align: justify;\"><strong>Tiempo de infusi\u00f3n<\/strong>: 5 a 7 minutos. A causa de su bajo contenido de curtientes, esta bebida conserva su sabor dulce a\u00fan en tiempos de infusi\u00f3n superiores.<\/p>\n","protected":false},"excerpt":{"rendered":"<p>PRUEBA NUESTRA AMPLIA GAMA DE T\u00c9S. \u00a0 \u00a0\u00a0 T\u00c9 VERDE: PURA SALUD AL ALCANCE DE TODOS La particularidad que hace que el t\u00e9 verde sea considerado pr\u00e1cticamente una aut\u00e9ntica \u201cmedicina natural\u201d es que no es un t\u00e9 fermentado, lo que hace que mantenga sus componentes naturales pr\u00e1cticamente igual que en su estado natural. Sus principales<\/p>\n<p class=\"more-link\"><a href=\"https:\/\/hydroebers.es\/?page_id=34\" class=\"themebutton2\">Read More<\/a><\/p>\n","protected":false},"author":1,"featured_media":0,"parent":0,"menu_order":4,"comment_status":"open","ping_status":"closed","template":"","meta":[],"_links":{"self":[{"href":"https:\/\/hydroebers.es\/index.php?rest_route=\/wp\/v2\/pages\/34"}],"collection":[{"href":"https:\/\/hydroebers.es\/index.php?rest_route=\/wp\/v2\/pages"}],"about":[{"href":"https:\/\/hydroebers.es\/index.php?rest_route=\/wp\/v2\/types\/page"}],"author":[{"embeddable":true,"href":"https:\/\/hydroebers.es\/index.php?rest_route=\/wp\/v2\/users\/1"}],"replies":[{"embeddable":true,"href":"https:\/\/hydroebers.es\/index.php?rest_route=%2Fwp%2Fv2%2Fcomments&post=34"}],"version-history":[{"count":6,"href":"https:\/\/hydroebers.es\/index.php?rest_route=\/wp\/v2\/pages\/34\/revisions"}],"predecessor-version":[{"id":116,"href":"https:\/\/hydroebers.es\/index.php?rest_route=\/wp\/v2\/pages\/34\/revisions\/116"}],"wp:attachment":[{"href":"https:\/\/hydroebers.es\/index.php?rest_route=%2Fwp%2Fv2%2Fmedia&parent=34"}],"curies":[{"name":"wp","href":"https:\/\/api.w.org\/{rel}","templated":true}]}}