{"id":8,"date":"2014-09-16T13:48:44","date_gmt":"2014-09-16T13:48:44","guid":{"rendered":"http:\/\/hydroebers.es\/?page_id=8"},"modified":"2014-09-29T17:47:27","modified_gmt":"2014-09-29T17:47:27","slug":"terapias","status":"publish","type":"page","link":"https:\/\/hydroebers.es\/?page_id=8","title":{"rendered":"TERAPIAS"},"content":{"rendered":"<h2><span style=\"color: #ff9900;\"><strong>LA NUEVA CULTURA DEL AGUA<\/strong><\/span><\/h2>\n<p>La cultura del agua brilla con luz propia entre las culturas de la salud.<\/p>\n<p>Se podr\u00eda decir que el hombre urbano est\u00e1 falto de agua, que es un &#8220;ser deshidratado&#8221;. Nuestra piel, nuestras v\u00edas respiratorias, nuestro cuerpo entero necesita agua l\u00edquida o en suspensi\u00f3n en el aire para desarrollar sus funciones adecuadamente.<\/p>\n<p>La vida ajetreada y alejada de entornos naturales acartona nuestro organismo y lo expone a una deshidrataci\u00f3n cr\u00f3nica, que se encuentra en el origen de dolencias f\u00edsicas y ps\u00edquicas de toda \u00edndole<\/p>\n<p>EI profesional de la salud es un colaborador de la naturaleza.<\/p>\n<p>Hemos de se\u00f1alar que nuestro cuerpo se compone esencialmente de agua, que los l\u00edquidos que nos rodean en el seno materno antes de nuestro nacimiento son esencialmente agua.<\/p>\n<p>Toda sociedad desarrollada debe caminar en esta direcci\u00f3n: hacer a la mayor\u00eda de los ciudadanos participes del encuentro con el agua desde una perspectiva terap\u00e9utica.<\/p>\n<h2><span style=\"color: #ff9900;\"><a href=\"http:\/\/hydroebers.es\/wp-content\/uploads\/2014\/09\/cabeceraagua.jpg\"><span style=\"color: #ff9900;\"><img decoding=\"async\" loading=\"lazy\" class=\"alignnone size-full wp-image-20\" src=\"http:\/\/hydroebers.es\/wp-content\/uploads\/2014\/09\/cabeceraagua.jpg\" alt=\"cabeceraagua.jpg\" width=\"1038\" height=\"369\" srcset=\"https:\/\/hydroebers.es\/wp-content\/uploads\/2014\/09\/cabeceraagua.jpg 1038w, https:\/\/hydroebers.es\/wp-content\/uploads\/2014\/09\/cabeceraagua-300x106.jpg 300w, https:\/\/hydroebers.es\/wp-content\/uploads\/2014\/09\/cabeceraagua-1024x364.jpg 1024w, https:\/\/hydroebers.es\/wp-content\/uploads\/2014\/09\/cabeceraagua-972x345.jpg 972w\" sizes=\"(max-width: 1038px) 100vw, 1038px\" \/><\/span><\/a><\/span><\/h2>\n<h2><span style=\"color: #ff9900;\"><strong>PROPIEDADES DEL HAMMAN<\/strong><\/span><\/h2>\n<p>Se tratan de los <strong>ba\u00f1os de vapor<\/strong>, tambi\u00e9n denominados <strong>ba\u00f1os turcos, hammam o sauna h\u00fameda<\/strong>. Estos ba\u00f1os de vapor consisten en la combinaci\u00f3n de vapor de agua+calor. Es decir, el calor se va a transportar mediante el vapor de agua.<\/p>\n<p>La <strong>principal diferencia<\/strong> de estos ba\u00f1os de vapor respecto a la sauna finlandesa es que la temperatura es un tanto menor (sobre los 40-45 grados) y la humedad relativa es mucho m\u00e1s alta (cercana al 100%) lo que hace que nuestra piel se sienta m\u00e1s oxigenada que en una sauna seca.<\/p>\n<p>En este caso las saunas h\u00famedas no son de madera como las finlandesas sino de <strong>azulejo<\/strong> y para lograr la humedad poseen un generador de vapor. Pueden tener tambi\u00e9n diferentes niveles e incluso las saunas muy grandes pueden llegar a tener incluso varias salas con diferentes temperaturas, desde los 25 grados la primera sala hasta los 60 de la \u00faltima.<\/p>\n<p>En la actualidad en muchos centros podemos ver ba\u00f1os de vapor prefabricados que est\u00e1n hechos de material acr\u00edlico y que en vez de tener una superficie plana para tumbarse tienen asientos integrados en la pared. Hay quien opina que a pesar de conseguir los mismos beneficios pierden encanto.<\/p>\n<p>El efecto principal es una estimulaci\u00f3n de la funcionalidad de la piel, <strong>mejorando la hidrataci\u00f3n y ayudando a la limpieza profunda de impurezas<\/strong>, aunque el proceso de desintoxicaci\u00f3n llega a ser mayor en una sauna finlandesa, eso s\u00ed, la oxigenaci\u00f3n es mayor en los ba\u00f1os turcos. Adem\u00e1s de estos efectos encontraremos los siguientes:<\/p>\n<ul>\n<li><strong>Mejora de la circulaci\u00f3n<\/strong> gracias a sus efectos vasodilatadores, por tanto notaremos una piel m\u00e1s oxigenada.<\/li>\n<li>Posee una acci\u00f3n analg\u00e9sica,<strong> relajante y descontracturante muscular<\/strong>, por lo que ser\u00e1 id\u00f3nea para esos momentos de relax o de tensi\u00f3n muscular que queramos aliviar.<\/li>\n<li>Otra de las diferencias respecto a la sauna finlandesa es que adem\u00e1s es de gran ayuda para las <strong>v\u00edas respiratorias<\/strong> y tambi\u00e9n para gente con problemas de <strong>acn\u00e9<\/strong>.<\/li>\n<\/ul>\n<p>Al igual que la sauna finlandesa debes tener en cuenta que <strong>tampoco est\u00e1 indicado<\/strong> para personas con tensi\u00f3n baja, problemas de varices o personas con problemas de ansiedad.<\/p>\n<p>Los hamman pueden llevar incorporados un sistema de cromoterapia con el que podemos optar para la elecci\u00f3n de nuestro tratamiento. Por ejemplo, si queremos reforzar el sistema inmunol\u00f3gico, pondr\u00edamos un color rojo. Si por el contrario hubiese un problema respiratorio se utilizar\u00eda un color verde.<\/p>\n<p>Tambi\u00e9n contamos con la bomba dosificadora de aromas, que podr\u00e1 ayudarnos para complementar el tratamiento; y con la lluvia de pulverizaci\u00f3n de agua fr\u00eda (en algunas instalaciones la podremos encontrar dentro o bien fuera del hamman), para realizar el terapia de enfriamiento, que proporciona una sensaci\u00f3n muy agradable para la persona que la use.<\/p>\n<h2><span style=\"color: #ff9900;\"><strong>PROPIEDADES DE LA DUCHA VICHY<\/strong><\/span><\/h2>\n<p>Proporciona al terapeuta la facilidad de hacer varios tratamientos sobre la camilla t\u00e9rmica o la camilla de envolturas.<\/p>\n<p>Podremos encontrar duchas vichy que llevan incorporado un sistema: de ducha de rociaci\u00f3n, que consta de tres posiciones para obstar por distintos tipos de masaje de agua.<\/p>\n<p>Con la ducha de nebulizaci\u00f3n combinamos la acci\u00f3n de las manos con la acci\u00f3n relajante de una lluvia de agua templada para realizar un masaje con jabones terap\u00e9uticos de 45 minutos de duraci6n. Con esta opci\u00f3n mantenemos la piel con espuma para realizar el masaje c\u00f3modamente.<\/p>\n<p>La ducha de rociaci\u00f3n es ideal para finalizar el tratamiento, desenjabonar produciendo un masaje tonificante en todo el cuerpo.<\/p>\n<p><a href=\"http:\/\/hydroebers.es\/wp-content\/uploads\/2014\/09\/ducha.jpg\"><img decoding=\"async\" loading=\"lazy\" class=\"alignnone size-full wp-image-67\" src=\"http:\/\/hydroebers.es\/wp-content\/uploads\/2014\/09\/ducha.jpg\" alt=\"ducha\" width=\"725\" height=\"570\" srcset=\"https:\/\/hydroebers.es\/wp-content\/uploads\/2014\/09\/ducha.jpg 725w, https:\/\/hydroebers.es\/wp-content\/uploads\/2014\/09\/ducha-300x235.jpg 300w\" sizes=\"(max-width: 725px) 100vw, 725px\" \/><\/a><\/p>\n<h2><span style=\"color: #ff6600;\"><strong>PROPIEDADES DE LA CAMILLA TERMICA<\/strong><\/span><\/h2>\n<p>Con la camilla t\u00e9rmica de piedra o de casco acr\u00edlico cualquier profesional puede ofrecer en su centro los servicios de un verdadero centro de fangoterapia, algoterapia, envolturas y emplastes.<\/p>\n<p>Esta camilla nos proporciona una temperatura agradable para el cliente y as\u00ed poder realizar todo tipo de envolturas o masaje manteniendo el calor corporal de este.<\/p>\n<h2><span style=\"color: #ff6600;\"><strong>PROPIEDADES DE LOS CHORROS DE PRESION<\/strong><\/span><\/h2>\n<p>Con el chorro a presi\u00f3n, seguimos un recorrido en el sentido de la circulaci\u00f3n de retorno y realizando un masaje profundo y de gran valor terap\u00e9utico (descontracturante, tonificante, activador de la circulaci\u00f3n,&#8230;) sobre los principales grupos musculares.<\/p>\n<p>La temperatura del agua debe oscilar entre los 34\u00ba y los 38\u00ba para favorecer la relajaci\u00f3n muscular y la vasodilataci\u00f3n. Se suele finalizar con una ducha fr\u00eda para activar la circulaci\u00f3n de retorno.<\/p>\n<p>La aplicaci\u00f3n tiene una duraci\u00f3n de 7 a 10 minutos y se realiza una distancia de 3 a 5 metros. Est\u00e1 indicado en descontracturas, tensiones musculares y estr\u00e9s.<\/p>\n<p>Como este tratamiento ser\u00e1 uno de los que realizaremos como terapeutas, lo explicaremos al final del tema.<\/p>\n<h2><span style=\"color: #ff6600;\"><strong>PROPIEDADES DE LOS PEDILUVIOS<\/strong><\/span><\/h2>\n<p>Ba\u00f1os parciales aplicados a los pies a presi\u00f3n y temperatura variables.<\/p>\n<p>Produce una mejor\u00eda de la circulaci\u00f3n perif\u00e9rica. Si son ba\u00f1os calientes son sedantes de los dolores articulares.<\/p>\n<p>Tienen, tambi\u00e9n, efectos sobre los m\u00fasculos. No en vano son una especie de singular masaje de mayor o menos intensidad, seg\u00fan la presi\u00f3n a la que se aplica el agua.<\/p>\n<p>Si contamos con unos cantos rodados sirven de alfombra que regala masajes a las plantas de los pies, al tiempo que se camina y se recibe el impacto lateral del agua.<\/p>\n<h2><span style=\"color: #ff6600;\"><strong>PROPIEDADES DE LA DUCHA ESCOCESA<\/strong><\/span><\/h2>\n<p>La ducha escocesa alterna chorros de agua fr\u00eda, tibia y caliente para trabajar de diferentes maneras sobre el cuerpo. Lo habitual es complementarla con sesiones previas de sauna, para que se dilaten los poros de la piel, se eliminen toxinas y el agua ejerza sus propiedades al m\u00e1ximo.<\/p>\n<p>La ducha escocesa trabaja con un sistema que combina la temperatura con la presi\u00f3n del agua. Esta presi\u00f3n es regulada por el mismo paciente, quien se ubica de pie durante la sesi\u00f3n, la cual puede durar de 15 a 30 minutos.<\/p>\n<p>Este tipo de ducha tiene varias virtudes:<\/p>\n<p>&#8211;\u00a0\u00a0 Reactiva la circulaci\u00f3n sangu\u00ednea y tonifica la piel del cuerpo.<\/p>\n<p>&#8211;\u00a0\u00a0 Proporciona efectos tonificantes y estimulantes, produciendo un micromasaje superficial.<\/p>\n<p>&#8211;\u00a0\u00a0 Es ideal para combatir el estr\u00e9s.<\/p>\n<p>&#8211;\u00a0\u00a0 Realiza una exfoliaci\u00f3n natural, al favorecer la eliminaci\u00f3n de c\u00e9lulas muertas.<\/p>\n<p>&#8211;\u00a0\u00a0 Ayuda a recuperar la energ\u00eda y mejorar el estado an\u00edmico en general.<\/p>\n<p>&#8211;\u00a0\u00a0 Descongestiona las zonas localizadas con n\u00f3dulos de grasa o celulitis.<\/p>\n<p><a href=\"http:\/\/hydroebers.es\/wp-content\/uploads\/2014\/09\/escocesa.jpg\"><img decoding=\"async\" loading=\"lazy\" class=\"alignnone size-full wp-image-71\" src=\"http:\/\/hydroebers.es\/wp-content\/uploads\/2014\/09\/escocesa.jpg\" alt=\"escocesa\" width=\"570\" height=\"852\" srcset=\"https:\/\/hydroebers.es\/wp-content\/uploads\/2014\/09\/escocesa.jpg 570w, https:\/\/hydroebers.es\/wp-content\/uploads\/2014\/09\/escocesa-200x300.jpg 200w\" sizes=\"(max-width: 570px) 100vw, 570px\" \/><\/a><\/p>\n<h2><span style=\"color: #ff6600;\"><strong>PROPIEDADES DEL JACUZZIS O BA\u00d1ERAS DE HIDROMASAJE<\/strong><\/span><\/h2>\n<p>El Jacuzzi fue inventado por C\u00e1ndido Jacuzzi (1903-1986), un italiano que emigr\u00f3 a Estados Unidos, donde trabajaba fabricando bombas hidr\u00e1ulicas.<\/p>\n<p>Ten\u00eda un hijo con artritis reumatoide, por lo que se le ocurri\u00f3 utilizar una de sus bombas para darle hidromasajes y as\u00ed aliviar sus dolores.<\/p>\n<p>Fue entonces cuando invent\u00f3 el Jacuzzi en los a\u00f1os cincuenta y r\u00e1pidamente se extendi\u00f3 por todo el mundo.<\/p>\n<p>Al utilizar un jacuzzi, el cuerpo queda sumergido en el agua a una temperatura de 39\u00b0 aproximadamente. Esto se combina con aire, burbujas y presi\u00f3n para producir una corriente de agua que brindar\u00e1 un masaje corporal en todas las direcciones.<\/p>\n<p>Los beneficios del spa jacuzzi o ba\u00f1era de hidromasaje son para muchos especialistas la mejor medicina preventiva. Estimula la circulaci\u00f3n arterial, relaja los m\u00fasculos y abre los poros favoreciendo la eliminaci\u00f3n de toxinas y combatiendo el cansancio y la tensi\u00f3n nerviosa. Tambi\u00e9n alivia los dolores de artritis, bursitis y cualquier enfermedad \u00f3sea o muscular.<\/p>\n<p>Tambi\u00e9n es recomendable para la \u00falcera de est\u00f3mago y para la recuperaci\u00f3n de fracturas y lesiones musculares. Uno de los beneficios m\u00e1s importantes es que alivia el cansancio, el stress y el insomnio provocando la relajaci\u00f3n necesaria.<\/p>\n<p><span style=\"color: #ff9900;\"><strong><a href=\"http:\/\/hydroebers.es\/wp-content\/uploads\/2014\/09\/Jacuzzi.jpg\"><img decoding=\"async\" loading=\"lazy\" class=\"alignnone size-full wp-image-74\" src=\"http:\/\/hydroebers.es\/wp-content\/uploads\/2014\/09\/Jacuzzi.jpg\" alt=\"Jacuzzi\" width=\"852\" height=\"570\" srcset=\"https:\/\/hydroebers.es\/wp-content\/uploads\/2014\/09\/Jacuzzi.jpg 852w, https:\/\/hydroebers.es\/wp-content\/uploads\/2014\/09\/Jacuzzi-300x200.jpg 300w\" sizes=\"(max-width: 852px) 100vw, 852px\" \/><\/a><\/strong><\/span><\/p>\n","protected":false},"excerpt":{"rendered":"<p>LA NUEVA CULTURA DEL AGUA La cultura del agua brilla con luz propia entre las culturas de la salud. Se podr\u00eda decir que el hombre urbano est\u00e1 falto de agua, que es un &#8220;ser deshidratado&#8221;. Nuestra piel, nuestras v\u00edas respiratorias, nuestro cuerpo entero necesita agua l\u00edquida o en suspensi\u00f3n en el aire para desarrollar sus<\/p>\n<p class=\"more-link\"><a href=\"https:\/\/hydroebers.es\/?page_id=8\" class=\"themebutton2\">Read More<\/a><\/p>\n","protected":false},"author":1,"featured_media":0,"parent":0,"menu_order":2,"comment_status":"closed","ping_status":"closed","template":"","meta":[],"_links":{"self":[{"href":"https:\/\/hydroebers.es\/index.php?rest_route=\/wp\/v2\/pages\/8"}],"collection":[{"href":"https:\/\/hydroebers.es\/index.php?rest_route=\/wp\/v2\/pages"}],"about":[{"href":"https:\/\/hydroebers.es\/index.php?rest_route=\/wp\/v2\/types\/page"}],"author":[{"embeddable":true,"href":"https:\/\/hydroebers.es\/index.php?rest_route=\/wp\/v2\/users\/1"}],"replies":[{"embeddable":true,"href":"https:\/\/hydroebers.es\/index.php?rest_route=%2Fwp%2Fv2%2Fcomments&post=8"}],"version-history":[{"count":11,"href":"https:\/\/hydroebers.es\/index.php?rest_route=\/wp\/v2\/pages\/8\/revisions"}],"predecessor-version":[{"id":189,"href":"https:\/\/hydroebers.es\/index.php?rest_route=\/wp\/v2\/pages\/8\/revisions\/189"}],"wp:attachment":[{"href":"https:\/\/hydroebers.es\/index.php?rest_route=%2Fwp%2Fv2%2Fmedia&parent=8"}],"curies":[{"name":"wp","href":"https:\/\/api.w.org\/{rel}","templated":true}]}}